{"id":177,"date":"2016-02-12T11:57:59","date_gmt":"2016-02-12T10:57:59","guid":{"rendered":"http:\/\/valentinjansen.fr\/?page_id=177"},"modified":"2016-11-07T11:14:52","modified_gmt":"2016-11-07T10:14:52","slug":"media","status":"publish","type":"page","link":"https:\/\/valentinjansen.fr\/en\/media\/","title":{"rendered":"Videos"},"content":{"rendered":"<p style=\"text-align: center;\"><section id=\"thumbwrapper2\" class=\"gallery-video-content\"\r\n         data-gallery-video-perpage=\"5\" data-gallery-video-id=\"2\">\r\n\r\n    <input type=\"hidden\" class=\"pagenum\" value=\"1\"\/>\r\n    <ul id=\"huge_it_videogallery\" class=\"huge_it_videogallery view-thumbnails\">\r\n        <li id=\"fullPreview\"><\/li>\r\n        <input type=\"hidden\" id=\"total\" value=\"2\"\/>\r\n                    <li class=\"huge_it_big_li\" data-id=\"30\">\r\n                                    <a class=\"vyoutube huge_it_videogallery_item group2\"\r\n                       href=\"\/\/www.youtube.com\/embed\/amTFGBKLQWo\"\r\n                       title=\"\"Bernard Buffet : le Grand D\u00e9rangeur\" - Buffet et Berg\u00e9\"\r\n                       data-description=\"Extrait du documentaire \"Bernard Buffet : le Grand D\u00e9rangeur\" par St\u00e9phane Ghez\"\r\n                       data-id=\"30\"><\/a>\r\n                    <img decoding=\"async\" src=\"\/\/img.youtube.com\/vi\/amTFGBKLQWo\/mqdefault.jpg\"\r\n                         alt=\"\"Bernard Buffet : le Grand D\u00e9rangeur\" - Buffet et Berg\u00e9\"\/>\r\n                                    <div class=\"overLayer\"><\/div>\r\n                <div class=\"infoLayer\">\r\n                    <ul>\r\n                        <li>\r\n                            <h2>\r\n                                \"Bernard Buffet : le Grand D\u00e9rangeur\" - Buffet et Berg\u00e9                            <\/h2>\r\n                        <\/li>\r\n                        <li>\r\n                            <p>\r\n                                Watch Video                            <\/p>\r\n                        <\/li>\r\n                    <\/ul>\r\n                <\/div>\r\n            <\/li>\r\n                    <li class=\"huge_it_big_li\" data-id=\"31\">\r\n                                    <a class=\"vyoutube huge_it_videogallery_item group2\"\r\n                       href=\"\/\/www.youtube.com\/embed\/xYzgaqemu2E\"\r\n                       title=\"Musique sur le film \"Happiness\" - Concours Musique de Film de Zurich 2018\"\r\n                       data-description=\"Proposition de musique sur le film \"Happiness\" de Steve Cutts dans le cadre de l'\u00e9dition 2018 du concours international de musique de film de Zurich.\"\r\n                       data-id=\"31\"><\/a>\r\n                    <img decoding=\"async\" src=\"\/\/img.youtube.com\/vi\/xYzgaqemu2E\/mqdefault.jpg\"\r\n                         alt=\"Musique sur le film \"Happiness\" - Concours Musique de Film de Zurich 2018\"\/>\r\n                                    <div class=\"overLayer\"><\/div>\r\n                <div class=\"infoLayer\">\r\n                    <ul>\r\n                        <li>\r\n                            <h2>\r\n                                Musique sur le film \"Happiness\" - Concours Musique de Film de Zurich 2018                            <\/h2>\r\n                        <\/li>\r\n                        <li>\r\n                            <p>\r\n                                Watch Video                            <\/p>\r\n                        <\/li>\r\n                    <\/ul>\r\n                <\/div>\r\n            <\/li>\r\n                    <li class=\"huge_it_big_li\" data-id=\"28\">\r\n                                    <a class=\"vyoutube huge_it_videogallery_item group2\"\r\n                       href=\"\/\/www.youtube.com\/embed\/AdawDX9eMZ0\"\r\n                       title=\"\"Bernard Buffet : le Grand D\u00e9rangeur\" - Teaser\"\r\n                       data-description=\"Teaser du documentaire \"Bernard Buffet Le Grand D\u00e9rangeur\"par St\u00e9phane Ghez.\r\nMusique de Valentin Jansen.\"\r\n                       data-id=\"28\"><\/a>\r\n                    <img decoding=\"async\" src=\"\/\/img.youtube.com\/vi\/AdawDX9eMZ0\/mqdefault.jpg\"\r\n                         alt=\"\"Bernard Buffet : le Grand D\u00e9rangeur\" - Teaser\"\/>\r\n                                    <div class=\"overLayer\"><\/div>\r\n                <div class=\"infoLayer\">\r\n                    <ul>\r\n                        <li>\r\n                            <h2>\r\n                                \"Bernard Buffet : le Grand D\u00e9rangeur\" - Teaser                            <\/h2>\r\n                        <\/li>\r\n                        <li>\r\n                            <p>\r\n                                Watch Video                            <\/p>\r\n                        <\/li>\r\n                    <\/ul>\r\n                <\/div>\r\n            <\/li>\r\n                    <li class=\"huge_it_big_li\" data-id=\"26\">\r\n                                    <a class=\"vyoutube huge_it_videogallery_item group2\"\r\n                       href=\"\/\/www.youtube.com\/embed\/eajzl9g-bUw\"\r\n                       title=\"\"Bernard Buffet : le Grand D\u00e9rangeur\" - Les \u00e9corch\u00e9s\"\r\n                       data-description=\"Extrait du documentaire \"Bernard Buffet Le Grand D\u00e9rangeur\" par St\u00e9phane Ghez.\r\nMusique de Valentin Jansen.\"\r\n                       data-id=\"26\"><\/a>\r\n                    <img decoding=\"async\" src=\"\/\/img.youtube.com\/vi\/eajzl9g-bUw\/mqdefault.jpg\"\r\n                         alt=\"\"Bernard Buffet : le Grand D\u00e9rangeur\" - Les \u00e9corch\u00e9s\"\/>\r\n                                    <div class=\"overLayer\"><\/div>\r\n                <div class=\"infoLayer\">\r\n                    <ul>\r\n                        <li>\r\n                            <h2>\r\n                                \"Bernard Buffet : le Grand D\u00e9rangeur\" - Les \u00e9corch\u00e9s                            <\/h2>\r\n                        <\/li>\r\n                        <li>\r\n                            <p>\r\n                                Watch Video                            <\/p>\r\n                        <\/li>\r\n                    <\/ul>\r\n                <\/div>\r\n            <\/li>\r\n                    <li class=\"huge_it_big_li\" data-id=\"27\">\r\n                                    <a class=\"vyoutube huge_it_videogallery_item group2\"\r\n                       href=\"\/\/www.youtube.com\/embed\/zMrYDQfnzho\"\r\n                       title=\"\"Bernard Buffet : le Grand D\u00e9rangeur\" - La Mort\"\r\n                       data-description=\"Extrait du documentaire \"Bernard Buffet Le Grand D\u00e9rangeur\" par St\u00e9phane Ghez.\r\nMusique de Valentin Jansen.\"\r\n                       data-id=\"27\"><\/a>\r\n                    <img decoding=\"async\" src=\"\/\/img.youtube.com\/vi\/zMrYDQfnzho\/mqdefault.jpg\"\r\n                         alt=\"\"Bernard Buffet : le Grand D\u00e9rangeur\" - La Mort\"\/>\r\n                                    <div class=\"overLayer\"><\/div>\r\n                <div class=\"infoLayer\">\r\n                    <ul>\r\n                        <li>\r\n                            <h2>\r\n                                \"Bernard Buffet : le Grand D\u00e9rangeur\" - La Mort                            <\/h2>\r\n                        <\/li>\r\n                        <li>\r\n                            <p>\r\n                                Watch Video                            <\/p>\r\n                        <\/li>\r\n                    <\/ul>\r\n                <\/div>\r\n            <\/li>\r\n                    <li class=\"huge_it_big_li\" data-id=\"29\">\r\n                                    <a class=\"vyoutube huge_it_videogallery_item group2\"\r\n                       href=\"\/\/www.youtube.com\/embed\/xkMqk4lA_iA\"\r\n                       title=\"Conatus, pour quatuor \u00e0 cordes - Valentin JANSEN\"\r\n                       data-description=\"Cr\u00e9ation de Conatus (de la graine \u00e0 l'arbre) pour quatuor \u00e0 cordes, par le Quatuor Tchalik, dans le cadre de l'Acad\u00e9mie de composition L\u00e9o Delibes (organis\u00e9e par le Festival des For\u00eats), sous la supervision de Thierry Escaich.\"\r\n                       data-id=\"29\"><\/a>\r\n                    <img decoding=\"async\" src=\"\/\/img.youtube.com\/vi\/xkMqk4lA_iA\/mqdefault.jpg\"\r\n                         alt=\"Conatus, pour quatuor \u00e0 cordes - Valentin JANSEN\"\/>\r\n                                    <div class=\"overLayer\"><\/div>\r\n                <div class=\"infoLayer\">\r\n                    <ul>\r\n                        <li>\r\n                            <h2>\r\n                                Conatus, pour quatuor \u00e0 cordes - Valentin JANSEN                            <\/h2>\r\n                        <\/li>\r\n                        <li>\r\n                            <p>\r\n                                Watch Video                            <\/p>\r\n                        <\/li>\r\n                    <\/ul>\r\n                <\/div>\r\n            <\/li>\r\n                    <li class=\"huge_it_big_li\" data-id=\"21\">\r\n                                    <a class=\"vyoutube huge_it_videogallery_item group2\"\r\n                       href=\"\/\/www.youtube.com\/embed\/_Ygg9-4gtGQ\"\r\n                       title=\"Volare - Animation film\"\r\n                       data-description=\"An animation film by Jos\u00e9phine Meis\r\nMusic by Valentin Jansen\"\r\n                       data-id=\"21\"><\/a>\r\n                    <img decoding=\"async\" src=\"\/\/img.youtube.com\/vi\/_Ygg9-4gtGQ\/mqdefault.jpg\"\r\n                         alt=\"Volare - Animation film\"\/>\r\n                                    <div class=\"overLayer\"><\/div>\r\n                <div class=\"infoLayer\">\r\n                    <ul>\r\n                        <li>\r\n                            <h2>\r\n                                Volare - Animation film                            <\/h2>\r\n                        <\/li>\r\n                        <li>\r\n                            <p>\r\n                                Watch Video                            <\/p>\r\n                        <\/li>\r\n                    <\/ul>\r\n                <\/div>\r\n            <\/li>\r\n        \r\n    <\/ul>\r\n    <\/section><style>\r\nsection #huge_it_videogallery a{\r\n\tborder:none;\r\n}\r\nsection #huge_it_videogallery {\r\n\tpadding: 28px;\r\n\tdisplay: block;\r\n\tmin-height: 100%;\r\n\ttext-align: center;\r\n\tmargin-bottom: 30px;\r\n  background-color: #333333; box-shadow: 0 0 10px;}\r\n\r\n\r\n#huge_it_videogallery .huge_it_big_li {\r\n\twidth: 100%;\r\n\tmax-width: 240px;\r\n\toverflow:hidden;\r\n\theight: 150px;\r\n\tmargin: 1px !important;\r\n\tpadding:0 !important;\r\n\tborder: 1px solid #444444;\r\n\tborder-radius: 5px;\r\n}\r\n\r\nsection #huge_it_videogallery li .infoLayer ul li {\r\n\tmax-height:80px;\r\n\toverflow:hidden;\r\n}\r\n\r\nsection #huge_it_videogallery li .overLayer ul li h2,\r\nsection #huge_it_videogallery li .infoLayer ul li h2 {\r\n\tfont-size: 16px;\r\n\tcolor: #FFFFFF;\r\n\tmargin:0 !important;\r\n}\r\n\r\nsection #huge_it_videogallery li .infoLayer ul li p {\r\n\tcolor: #FFFFFF;\r\n\tmargin:0 !important;\r\n}\r\n\r\nsection #huge_it_videogallery li .overLayer,\r\nsection #huge_it_videogallery li .infoLayer {\r\n\t-webkit-transition: opacity 0.3s linear;\r\n\t-moz-transition: opacity 0.3s linear;\r\n\t-ms-transition: opacity 0.3s linear;\r\n\t-o-transition: opacity 0.3s linear;\r\n\ttransition: opacity 0.3s linear;\r\n\twidth: 100%;\r\n\tmax-width: 240px;\r\n\theight: 150px;\r\n\tposition: absolute;\r\n\ttext-align: center;\r\n\topacity: 0;\r\n\ttop: 0;\r\n\tleft: 0;\r\n\tz-index: 4;\r\n\tborder-radius: 5px;\r\n}\r\n\r\n\r\n\r\nsection #huge_it_videogallery li a {\r\n\tposition: absolute;\r\n\tdisplay: block;\r\n\twidth: 100%;\r\n\tmax-width: 240px;\r\n\theight: 150px;\r\n\ttop: 0;\r\n\tleft: 0;\r\n\tz-index: 6;\r\n\tborder-radius: 5px;\r\n}\r\n.load_more3 {\r\n\tmargin: 10px 0;\r\n\tposition:relative;\r\n\ttext-align:center;\r\n\twidth:100%;\r\n}\r\n\r\n.load_more_button3 {\r\n\tborder-radius: 10px;\r\n\tdisplay:inline-block;\r\n\tpadding:5px 15px;\r\n\tfont-size:19px !important;;\r\n\tcolor:#CCCCCC !important;;\r\n\tbackground:#333333 !important;\r\n\tcursor:pointer;\r\n\r\n}\r\n.load_more_button3:hover{\r\n\tcolor:#D9D9D9 !important;\r\n\tbackground:#8F827C !important;\r\n}\r\n.loading3 {\r\n\tdisplay:none;\r\n}\r\n.paginate3{\r\n\tfont-size:22px !important;\r\n\tcolor:#0A0202 !important;\r\n\ttext-align: center;\r\n}\r\n.paginate3 a{\r\n\tborder-bottom: none !important;\r\n\tbox-shadow: none !important;\r\n}\r\n.icon-style3{\r\n\tfont-size: 22px !important;\r\n\tcolor:#333333 !important;\r\n}\r\n.clear{\r\n\tclear:both;\r\n}\r\n\r\n#huge_it_videogallery li img {\r\n\twidth: 100%;\r\n\tmax-width: 238px;\r\n\theight: 148px;\r\n\tmin-height: 100%;\r\n\tmargin:0 !important;\r\n}\r\n\r\nsection #huge_it_videogallery li:hover .overLayer {\r\n\t-webkit-transition: opacity 0.3s linear;\r\n\t-moz-transition: opacity 0.3s linear;\r\n\t-ms-transition: opacity 0.3s linear;\r\n\t-o-transition: opacity 0.3s linear;\r\n\ttransition: opacity 0.3s linear;\r\n\topacity: 0.801;\r\n\tdisplay: block;\r\n\tbackground: #CCCCCC;\r\n}\r\nsection #huge_it_videogallery li:hover .infoLayer {\r\n\t-webkit-transition: opacity 0.3s linear;\r\n\t-moz-transition: opacity 0.3s linear;\r\n\tms-transition: opacity 0.3s linear;\r\n\t-o-transition: opacity 0.3s linear;\r\n\ttransition: opacity 0.3s linear;\r\n\topacity: 1;\r\n\tdisplay: block;\r\n}\r\nsection #huge_it_videogallery p {text-align:center;}\r\n<\/style><\/p>\n","protected":false},"excerpt":{"rendered":"","protected":false},"author":2,"featured_media":0,"parent":0,"menu_order":0,"comment_status":"closed","ping_status":"closed","template":"","meta":{"sfsi_plus_gutenberg_text_before_share":"","sfsi_plus_gutenberg_show_text_before_share":"","sfsi_plus_gutenberg_icon_type":"","sfsi_plus_gutenberg_icon_alignemt":"","sfsi_plus_gutenburg_max_per_row":"","footnotes":""},"class_list":["post-177","page","type-page","status-publish","hentry"],"translation":{"provider":"WPGlobus","version":"3.0.1","language":"en","enabled_languages":["fr","en"],"languages":{"fr":{"title":true,"content":true,"excerpt":false},"en":{"title":true,"content":true,"excerpt":false}}},"aioseo_notices":[],"_links":{"self":[{"href":"https:\/\/valentinjansen.fr\/en\/wp-json\/wp\/v2\/pages\/177","targetHints":{"allow":["GET"]}}],"collection":[{"href":"https:\/\/valentinjansen.fr\/en\/wp-json\/wp\/v2\/pages"}],"about":[{"href":"https:\/\/valentinjansen.fr\/en\/wp-json\/wp\/v2\/types\/page"}],"author":[{"embeddable":true,"href":"https:\/\/valentinjansen.fr\/en\/wp-json\/wp\/v2\/users\/2"}],"replies":[{"embeddable":true,"href":"https:\/\/valentinjansen.fr\/en\/wp-json\/wp\/v2\/comments?post=177"}],"version-history":[{"count":17,"href":"https:\/\/valentinjansen.fr\/en\/wp-json\/wp\/v2\/pages\/177\/revisions"}],"predecessor-version":[{"id":825,"href":"https:\/\/valentinjansen.fr\/en\/wp-json\/wp\/v2\/pages\/177\/revisions\/825"}],"wp:attachment":[{"href":"https:\/\/valentinjansen.fr\/en\/wp-json\/wp\/v2\/media?parent=177"}],"curies":[{"name":"wp","href":"https:\/\/api.w.org\/{rel}","templated":true}]}}